{"id":3605,"date":"2020-02-19T10:02:28","date_gmt":"2020-02-19T10:02:28","guid":{"rendered":"https:\/\/www.nannyportugal.com\/?page_id=3605"},"modified":"2023-03-29T08:40:56","modified_gmt":"2023-03-29T07:40:56","slug":"formulario-de-registo-para-familias","status":"publish","type":"page","link":"https:\/\/www.nannyportugal.com\/pt-pt\/formulario-de-registo-para-familias\/","title":{"rendered":"Formul\u00e1rio de Registo para Fam\u00edlias"},"content":{"rendered":"<p><div class=\"fusion-fullwidth fullwidth-box fusion-builder-row-1 nonhundred-percent-fullwidth non-hundred-percent-height-scrolling fusion-no-small-visibility fusion-no-medium-visibility\" style=\"--awb-border-radius-top-left:0px;--awb-border-radius-top-right:0px;--awb-border-radius-bottom-right:0px;--awb-border-radius-bottom-left:0px;--awb-padding-top:70px;--awb-padding-bottom:30px;--awb-background-color:#f7f7f7;\" ><div class=\"fusion-builder-row fusion-row\"><div class=\"fusion-layout-column fusion_builder_column fusion-builder-column-0 fusion_builder_column_1_4 1_4 fusion-one-fourth fusion-column-first\" style=\"--awb-bg-size:cover;width:25%;width:calc(25% - ( ( 4% + 4% ) * 0.25 ) );margin-right: 4%;\"><div class=\"fusion-column-wrapper fusion-column-has-shadow fusion-flex-column-wrapper-legacy\"><div class=\"fusion-clearfix\"><\/div><\/div><\/div><div class=\"fusion-layout-column fusion_builder_column fusion-builder-column-1 fusion_builder_column_1_2 1_2 fusion-one-half\" style=\"--awb-bg-size:cover;width:50%;width:calc(50% - ( ( 4% + 4% ) * 0.5 ) );margin-right: 4%;\"><div class=\"fusion-column-wrapper fusion-column-has-shadow fusion-flex-column-wrapper-legacy\"><div class=\"fusion-title title fusion-title-1 fusion-sep-none fusion-title-center fusion-title-text fusion-title-size-two\"><h2 class=\"title-heading-center fusion-responsive-typography-calculated\" style=\"margin:0;--fontSize:38;line-height:1.2;\"><h2 style=\"text-align: center;\">Formul\u00e1rio de Registo para Fam\u00edlias<\/h2>\n<p style=\"text-align: center; font-size: 18px;\">Preencha o formul\u00e1rio ou envie um email para <a href=\"mailto:nannyportugal@nannyportugal.com\">nannyportugal@nannyportugal.com<\/a><\/p><\/h2><\/div><div class=\"fusion-clearfix\"><\/div><\/div><\/div><div class=\"fusion-layout-column fusion_builder_column fusion-builder-column-2 fusion_builder_column_1_4 1_4 fusion-one-fourth fusion-column-last\" style=\"--awb-bg-size:cover;width:25%;width:calc(25% - ( ( 4% + 4% ) * 0.25 ) );\"><div class=\"fusion-column-wrapper fusion-column-has-shadow fusion-flex-column-wrapper-legacy\"><div class=\"fusion-clearfix\"><\/div><\/div><\/div><\/div><\/div><div class=\"fusion-fullwidth fullwidth-box fusion-builder-row-2 nonhundred-percent-fullwidth non-hundred-percent-height-scrolling fusion-no-small-visibility fusion-no-medium-visibility\" style=\"--awb-border-radius-top-left:0px;--awb-border-radius-top-right:0px;--awb-border-radius-bottom-right:0px;--awb-border-radius-bottom-left:0px;--awb-padding-top:70px;--awb-padding-bottom:30px;--awb-background-color:#ffffff;\" ><div class=\"fusion-builder-row fusion-row\"><div class=\"fusion-layout-column fusion_builder_column fusion-builder-column-3 fusion_builder_column_1_4 1_4 fusion-one-fourth fusion-column-first\" style=\"--awb-bg-size:cover;width:25%;width:calc(25% - ( ( 4% + 4% ) * 0.25 ) );margin-right: 4%;\"><div class=\"fusion-column-wrapper fusion-column-has-shadow fusion-flex-column-wrapper-legacy\"><div class=\"fusion-clearfix\"><\/div><\/div><\/div><div class=\"fusion-layout-column fusion_builder_column fusion-builder-column-4 fusion_builder_column_1_2 1_2 fusion-one-half\" style=\"--awb-bg-size:cover;width:50%;width:calc(50% - ( ( 4% + 4% ) * 0.5 ) );margin-right: 4%;\"><div class=\"fusion-column-wrapper fusion-column-has-shadow fusion-flex-column-wrapper-legacy\"><div style=\"overflow:auto;-webkit-overflow-scrolling:touch\">\n    <iframe style=\"border: none;\" src=\"https:\/\/nannyportugal.enginehire.io\/application-form\/87\/1207?language=Portugu%C3%AAs\" width=\"100%\" height=\"6000\"><\/iframe>\n<\/div><div class=\"fusion-clearfix\"><\/div><\/div><\/div><div class=\"fusion-layout-column fusion_builder_column fusion-builder-column-5 fusion_builder_column_1_4 1_4 fusion-one-fourth fusion-column-last\" style=\"--awb-bg-size:cover;width:25%;width:calc(25% - ( ( 4% + 4% ) * 0.25 ) );\"><div class=\"fusion-column-wrapper fusion-column-has-shadow fusion-flex-column-wrapper-legacy\"><div class=\"fusion-clearfix\"><\/div><\/div><\/div><\/div><\/div><div class=\"fusion-fullwidth fullwidth-box fusion-builder-row-3 nonhundred-percent-fullwidth non-hundred-percent-height-scrolling fusion-no-large-visibility\" style=\"--awb-border-radius-top-left:0px;--awb-border-radius-top-right:0px;--awb-border-radius-bottom-right:0px;--awb-border-radius-bottom-left:0px;--awb-padding-top:40px;--awb-padding-bottom:20px;--awb-background-color:#f7f7f7;\" ><div class=\"fusion-builder-row fusion-row\"><div class=\"fusion-layout-column fusion_builder_column fusion-builder-column-6 fusion_builder_column_1_1 1_1 fusion-one-full fusion-column-first fusion-column-last\" style=\"--awb-bg-size:cover;\"><div class=\"fusion-column-wrapper fusion-column-has-shadow fusion-flex-column-wrapper-legacy\"><div class=\"fusion-title title fusion-title-2 fusion-sep-none fusion-title-center fusion-title-text fusion-title-size-two\"><h2 class=\"title-heading-center fusion-responsive-typography-calculated\" style=\"margin:0;--fontSize:38;line-height:1.2;\"><h2 style=\"text-align: center;\">Formul\u00e1rio de Registo para Fam\u00edlias<\/h2>\n<p style=\"text-align: center; font-size: 14px;\">Preencha o formul\u00e1rio ou envie um email para <a href=\"mailto:nannyportugal@nannyportugal.com\">nannyportugal@nannyportugal.com<\/a><\/p><\/h2><\/div><div class=\"fusion-clearfix\"><\/div><\/div><\/div><div class=\"fusion-layout-column fusion_builder_column fusion-builder-column-7 fusion_builder_column_1_1 1_1 fusion-one-full fusion-column-first fusion-column-last\" style=\"--awb-padding-right:35px;--awb-padding-left:35px;--awb-bg-size:cover;\"><div class=\"fusion-column-wrapper fusion-column-has-shadow fusion-flex-column-wrapper-legacy\"><div style=\"overflow:auto;-webkit-overflow-scrolling:touch\">\n    <iframe style=\"border: none;\" src=\"https:\/\/nannyportugal.enginehire.io\/application-form\/87\/1207?language=Portugu%C3%AAs\" width=\"100%\" height=\"6000\"><\/iframe>\n<\/div><div class=\"fusion-clearfix\"><\/div><\/div><\/div><\/div><\/div><\/p>\n","protected":false},"excerpt":{"rendered":"","protected":false},"author":11,"featured_media":0,"parent":0,"menu_order":0,"comment_status":"closed","ping_status":"closed","template":"100-width.php","meta":{"footnotes":""},"class_list":["post-3605","page","type-page","status-publish","hentry"],"yoast_head":"<!-- This site is optimized with the Yoast SEO Premium plugin v27.2 (Yoast SEO v27.2) - https:\/\/yoast.com\/product\/yoast-seo-premium-wordpress\/ -->\n<title>Formul\u00e1rio de Registo para Fam\u00edlias | Nanny Portugal<\/title>\n<meta name=\"description\" content=\"Formul\u00e1rio de Registo para Fam\u00edlias - Nanny Portugal\" \/>\n<meta name=\"robots\" content=\"index, follow, max-snippet:-1, max-image-preview:large, max-video-preview:-1\" \/>\n<link rel=\"canonical\" href=\"https:\/\/www.nannyportugal.com\/pt-pt\/formulario-de-registo-para-familias\/\" \/>\n<meta property=\"og:locale\" content=\"pt_PT\" \/>\n<meta property=\"og:type\" content=\"article\" \/>\n<meta property=\"og:title\" content=\"Formul\u00e1rio de Registo para Fam\u00edlias Nanny Portugal Agency\" \/>\n<meta property=\"og:description\" content=\"Nanny Portugal is a childcare nanny agency based in Cascais founded in 2009 and has gained the reputation of being the most prestigious Nanny Agency in Portugal. We have been successful in providing bilingual qualified nannies to happy families for over 10 years. Worldwide placements.\" \/>\n<meta property=\"og:url\" content=\"https:\/\/www.nannyportugal.com\/pt-pt\/formulario-de-registo-para-familias\/\" \/>\n<meta property=\"og:site_name\" content=\"Nanny Portugal\" \/>\n<meta property=\"article:publisher\" content=\"https:\/\/www.facebook.com\/NannyAgencyPortugal\" \/>\n<meta property=\"article:modified_time\" content=\"2023-03-29T07:40:56+00:00\" \/>\n<meta property=\"og:image\" content=\"https:\/\/www.nannyportugal.com\/wp-content\/uploads\/2024\/03\/AdobeStock_102221140-scaled.jpeg\" \/>\n\t<meta property=\"og:image:width\" content=\"2560\" \/>\n\t<meta property=\"og:image:height\" content=\"1707\" \/>\n\t<meta property=\"og:image:type\" content=\"image\/jpeg\" \/>\n<meta name=\"twitter:card\" content=\"summary_large_image\" \/>\n<meta name=\"twitter:label1\" content=\"Tempo estimado de leitura\" \/>\n\t<meta name=\"twitter:data1\" content=\"4 minutos\" \/>\n<script type=\"application\/ld+json\" class=\"yoast-schema-graph\">{\"@context\":\"https:\/\/schema.org\",\"@graph\":[{\"@type\":\"WebPage\",\"@id\":\"https:\/\/www.nannyportugal.com\/pt-pt\/formulario-de-registo-para-familias\/\",\"url\":\"https:\/\/www.nannyportugal.com\/pt-pt\/formulario-de-registo-para-familias\/\",\"name\":\"Formul\u00e1rio de Registo para Fam\u00edlias | Nanny Portugal\",\"isPartOf\":{\"@id\":\"https:\/\/www.nannyportugal.com\/pt-pt\/#website\"},\"datePublished\":\"2020-02-19T10:02:28+00:00\",\"dateModified\":\"2023-03-29T07:40:56+00:00\",\"description\":\"Formul\u00e1rio de Registo para Fam\u00edlias - Nanny Portugal\",\"breadcrumb\":{\"@id\":\"https:\/\/www.nannyportugal.com\/pt-pt\/formulario-de-registo-para-familias\/#breadcrumb\"},\"inLanguage\":\"pt-PT\",\"potentialAction\":[{\"@type\":\"ReadAction\",\"target\":[\"https:\/\/www.nannyportugal.com\/pt-pt\/formulario-de-registo-para-familias\/\"]}]},{\"@type\":\"BreadcrumbList\",\"@id\":\"https:\/\/www.nannyportugal.com\/pt-pt\/formulario-de-registo-para-familias\/#breadcrumb\",\"itemListElement\":[{\"@type\":\"ListItem\",\"position\":1,\"name\":\"Home\",\"item\":\"https:\/\/www.nannyportugal.com\/pt-pt\/\"},{\"@type\":\"ListItem\",\"position\":2,\"name\":\"Formul\u00e1rio de Registo para Fam\u00edlias\"}]},{\"@type\":\"WebSite\",\"@id\":\"https:\/\/www.nannyportugal.com\/pt-pt\/#website\",\"url\":\"https:\/\/www.nannyportugal.com\/pt-pt\/\",\"name\":\"Nanny Portugal\",\"description\":\"Nanny Agency in Portugal | Part time, full time nannies\",\"publisher\":{\"@id\":\"https:\/\/www.nannyportugal.com\/pt-pt\/#organization\"},\"potentialAction\":[{\"@type\":\"SearchAction\",\"target\":{\"@type\":\"EntryPoint\",\"urlTemplate\":\"https:\/\/www.nannyportugal.com\/pt-pt\/?s={search_term_string}\"},\"query-input\":{\"@type\":\"PropertyValueSpecification\",\"valueRequired\":true,\"valueName\":\"search_term_string\"}}],\"inLanguage\":\"pt-PT\"},{\"@type\":\"Organization\",\"@id\":\"https:\/\/www.nannyportugal.com\/pt-pt\/#organization\",\"name\":\"Nanny Portugal\",\"url\":\"https:\/\/www.nannyportugal.com\/pt-pt\/\",\"logo\":{\"@type\":\"ImageObject\",\"inLanguage\":\"pt-PT\",\"@id\":\"https:\/\/www.nannyportugal.com\/pt-pt\/#\/schema\/logo\/image\/\",\"url\":\"https:\/\/www.nannyportugal.com\/wp-content\/uploads\/2024\/03\/Nanny-Portugal-Agency-Logo-Blue-1.png\",\"contentUrl\":\"https:\/\/www.nannyportugal.com\/wp-content\/uploads\/2024\/03\/Nanny-Portugal-Agency-Logo-Blue-1.png\",\"width\":1250,\"height\":355,\"caption\":\"Nanny Portugal\"},\"image\":{\"@id\":\"https:\/\/www.nannyportugal.com\/pt-pt\/#\/schema\/logo\/image\/\"},\"sameAs\":[\"https:\/\/www.facebook.com\/NannyAgencyPortugal\",\"https:\/\/www.instagram.com\/nannyportugalagency\"]}]}<\/script>\n<!-- \/ Yoast SEO Premium plugin. -->","yoast_head_json":{"title":"Formul\u00e1rio de Registo para Fam\u00edlias | Nanny Portugal","description":"Formul\u00e1rio de Registo para Fam\u00edlias - Nanny Portugal","robots":{"index":"index","follow":"follow","max-snippet":"max-snippet:-1","max-image-preview":"max-image-preview:large","max-video-preview":"max-video-preview:-1"},"canonical":"https:\/\/www.nannyportugal.com\/pt-pt\/formulario-de-registo-para-familias\/","og_locale":"pt_PT","og_type":"article","og_title":"Formul\u00e1rio de Registo para Fam\u00edlias Nanny Portugal Agency","og_description":"Nanny Portugal is a childcare nanny agency based in Cascais founded in 2009 and has gained the reputation of being the most prestigious Nanny Agency in Portugal. We have been successful in providing bilingual qualified nannies to happy families for over 10 years. Worldwide placements.","og_url":"https:\/\/www.nannyportugal.com\/pt-pt\/formulario-de-registo-para-familias\/","og_site_name":"Nanny Portugal","article_publisher":"https:\/\/www.facebook.com\/NannyAgencyPortugal","article_modified_time":"2023-03-29T07:40:56+00:00","og_image":[{"width":2560,"height":1707,"url":"https:\/\/www.nannyportugal.com\/wp-content\/uploads\/2024\/03\/AdobeStock_102221140-scaled.jpeg","type":"image\/jpeg"}],"twitter_card":"summary_large_image","twitter_misc":{"Tempo estimado de leitura":"4 minutos"},"schema":{"@context":"https:\/\/schema.org","@graph":[{"@type":"WebPage","@id":"https:\/\/www.nannyportugal.com\/pt-pt\/formulario-de-registo-para-familias\/","url":"https:\/\/www.nannyportugal.com\/pt-pt\/formulario-de-registo-para-familias\/","name":"Formul\u00e1rio de Registo para Fam\u00edlias | Nanny Portugal","isPartOf":{"@id":"https:\/\/www.nannyportugal.com\/pt-pt\/#website"},"datePublished":"2020-02-19T10:02:28+00:00","dateModified":"2023-03-29T07:40:56+00:00","description":"Formul\u00e1rio de Registo para Fam\u00edlias - Nanny Portugal","breadcrumb":{"@id":"https:\/\/www.nannyportugal.com\/pt-pt\/formulario-de-registo-para-familias\/#breadcrumb"},"inLanguage":"pt-PT","potentialAction":[{"@type":"ReadAction","target":["https:\/\/www.nannyportugal.com\/pt-pt\/formulario-de-registo-para-familias\/"]}]},{"@type":"BreadcrumbList","@id":"https:\/\/www.nannyportugal.com\/pt-pt\/formulario-de-registo-para-familias\/#breadcrumb","itemListElement":[{"@type":"ListItem","position":1,"name":"Home","item":"https:\/\/www.nannyportugal.com\/pt-pt\/"},{"@type":"ListItem","position":2,"name":"Formul\u00e1rio de Registo para Fam\u00edlias"}]},{"@type":"WebSite","@id":"https:\/\/www.nannyportugal.com\/pt-pt\/#website","url":"https:\/\/www.nannyportugal.com\/pt-pt\/","name":"Nanny Portugal","description":"Nanny Agency in Portugal | Part time, full time nannies","publisher":{"@id":"https:\/\/www.nannyportugal.com\/pt-pt\/#organization"},"potentialAction":[{"@type":"SearchAction","target":{"@type":"EntryPoint","urlTemplate":"https:\/\/www.nannyportugal.com\/pt-pt\/?s={search_term_string}"},"query-input":{"@type":"PropertyValueSpecification","valueRequired":true,"valueName":"search_term_string"}}],"inLanguage":"pt-PT"},{"@type":"Organization","@id":"https:\/\/www.nannyportugal.com\/pt-pt\/#organization","name":"Nanny Portugal","url":"https:\/\/www.nannyportugal.com\/pt-pt\/","logo":{"@type":"ImageObject","inLanguage":"pt-PT","@id":"https:\/\/www.nannyportugal.com\/pt-pt\/#\/schema\/logo\/image\/","url":"https:\/\/www.nannyportugal.com\/wp-content\/uploads\/2024\/03\/Nanny-Portugal-Agency-Logo-Blue-1.png","contentUrl":"https:\/\/www.nannyportugal.com\/wp-content\/uploads\/2024\/03\/Nanny-Portugal-Agency-Logo-Blue-1.png","width":1250,"height":355,"caption":"Nanny Portugal"},"image":{"@id":"https:\/\/www.nannyportugal.com\/pt-pt\/#\/schema\/logo\/image\/"},"sameAs":["https:\/\/www.facebook.com\/NannyAgencyPortugal","https:\/\/www.instagram.com\/nannyportugalagency"]}]}},"_links":{"self":[{"href":"https:\/\/www.nannyportugal.com\/pt-pt\/wp-json\/wp\/v2\/pages\/3605","targetHints":{"allow":["GET"]}}],"collection":[{"href":"https:\/\/www.nannyportugal.com\/pt-pt\/wp-json\/wp\/v2\/pages"}],"about":[{"href":"https:\/\/www.nannyportugal.com\/pt-pt\/wp-json\/wp\/v2\/types\/page"}],"author":[{"embeddable":true,"href":"https:\/\/www.nannyportugal.com\/pt-pt\/wp-json\/wp\/v2\/users\/11"}],"replies":[{"embeddable":true,"href":"https:\/\/www.nannyportugal.com\/pt-pt\/wp-json\/wp\/v2\/comments?post=3605"}],"version-history":[{"count":5,"href":"https:\/\/www.nannyportugal.com\/pt-pt\/wp-json\/wp\/v2\/pages\/3605\/revisions"}],"predecessor-version":[{"id":4823,"href":"https:\/\/www.nannyportugal.com\/pt-pt\/wp-json\/wp\/v2\/pages\/3605\/revisions\/4823"}],"wp:attachment":[{"href":"https:\/\/www.nannyportugal.com\/pt-pt\/wp-json\/wp\/v2\/media?parent=3605"}],"curies":[{"name":"wp","href":"https:\/\/api.w.org\/{rel}","templated":true}]}}